{"id":20,"date":"2014-05-15T15:42:04","date_gmt":"2014-05-15T15:42:04","guid":{"rendered":"http:\/\/pain.www.paindavignon.com\/restaurant\/?page_id=20"},"modified":"2026-03-25T21:57:34","modified_gmt":"2026-03-25T21:57:34","slug":"hyannis-menu","status":"publish","type":"page","link":"https:\/\/www.paindavignon.com\/restaurant\/menus\/hyannis-menu\/","title":{"rendered":"Hyannis Menu"},"content":{"rendered":"<div class=\"accordPop \"><div class=\"accordion\">\n<div><h3>PETIT D\u00c9JEUNER<span><\/span><\/h3><div>\n<p style=\"text-align: center;\"><strong>Croque Monsieur<\/strong><br \/>\nBlack Forest ham, Gruy\u00e8re, and b\u00e9chamel baked on Country bread, topped with arugula <strong>15<\/strong><\/p>\n<p style=\"text-align: center;\"><strong>Croque Madame<\/strong><br \/>\nBlack Forest ham, Gruy\u00e8re, and b\u00e9chamel baked on Country bread, topped with two fried eggs and arugula<strong>19<\/strong><\/p>\n<p style=\"text-align: center;\"><strong>Pain D&#8217;Avignon Breakfast Sandwich<\/strong><br \/>\nTwo fried egg, melted smoked cheddar, crispy prosciutto, avocado, served on croissant <strong>17<\/strong><\/p>\n<p style=\"text-align: center;\"><strong>Shakshuka<\/strong><br \/>\nTwo baked eggs, saut\u00e9ed tomato, red peppers and onions, topped with spiced yogurt and hazelnuts, with toasted brioche, served in an iron skillet <strong>17<\/strong><\/p>\n<p style=\"text-align: center;\"><strong>Petite Oeufs Classique<\/strong><br \/>\nTwo fried eggs, Applewood smoked bacon &amp; toasted Brioche <strong>16<\/strong><\/p>\n<p style=\"text-align: center;\"><strong>Galette Complete<\/strong><br \/>\nSavory crepes, spinach, scrambled farm egg, Parmesan cheese, crispy prosciutto, hollandaise served in a cast iron skillet <strong>16<\/strong><\/p>\n<p style=\"text-align: center;\"><strong>Omelette du Jour<\/strong><br \/>\nChef Inspired\u00a0 <strong>Priced Daily<br \/>\n<\/strong><\/p>\n<p style=\"text-align: center;\"><strong>Eggs Benedict<\/strong><br \/>\nPoached farm eggs, prosciutto, hollandaise and home fries <strong>18<\/strong><\/p>\n<p style=\"text-align: center;\"><strong>French Toast<\/strong><br \/>\nBrioche, blueberry compote and lemon zest\u00a0 <strong>15<\/strong><\/p>\n<p style=\"text-align: center;\"><strong>House-Made Granola<\/strong><br \/>\nServed with Greek yogurt and fresh seasonal fruit\u00a0 <strong>10<\/strong><\/p>\n<div style=\"text-align: center;\"><strong>Accompagnements\u00a0 10<\/strong><br \/>\nHome fries<\/div>\n<div style=\"text-align: center;\">House Smoked Bacon<\/div>\n<div style=\"text-align: center;\">Crispy Prosciutto<\/div>\n<div style=\"text-align: center;\">Chorizo Patties<br \/>\nCrispy Polenta Cakes<\/div>\n<div>\n<p>&nbsp;<\/p>\n<p style=\"text-align: center;\"><strong>PATISSERIE<br \/>\n<\/strong>Croissant<br \/>\nPain au Chocolat<br \/>\nAlmond Croissant<br \/>\nCinnamon Roll<br \/>\nSpinach\/Feta Chausson<br \/>\nHam\/Cheese Croiossant<br \/>\nMeat Croissant<br \/>\nApple Chausson<br \/>\nRaspberry Streusel<br \/>\nLe Brownie<br \/>\nCookies<\/p>\n<\/div>\n<p style=\"text-align: left;\"><\/p><\/div><\/div>\n<p style=\"text-align: left;\"><div><h3>lunch<span><\/span><\/h3><div>\n<p style=\"text-align: center;\"><strong>APPETIZERS<\/strong><\/p>\n<p style=\"text-align: center;\"><strong>Soupe du Jour <\/strong>&#8211; Priced Daily<\/p>\n<p style=\"text-align: center;\"><strong>French Onion Soup <\/strong>&#8211; <strong>14<\/strong><\/p>\n<p style=\"text-align: center;\"><strong>Wellfleet Oysters<br \/>\n<\/strong>Half dozen, mignonette sauce, fresh lemon<strong>\u00a022<\/strong><\/p>\n<p style=\"text-align: center;\"><strong>Baked Oysters<br \/>\n<\/strong>Leeks, house-smoked bacon, Pernod, Parmigiano<strong> 25<\/strong><\/p>\n<p style=\"text-align: center;\"><strong>Steak Tartar<br \/>\n<\/strong>Prime tenderloin, capers, shallots, organic egg yolk, Tamari<strong>\u00a025<\/strong><\/p>\n<p style=\"text-align: center;\"><strong>Shrimp Proven\u00e7al<br \/>\n<\/strong>Shrimp, tomato, garlic, Pernod, herbs<strong> 28<\/strong><\/p>\n<p>&nbsp;<\/p>\n<p style=\"text-align: center;\"><strong>SALADS<\/strong><\/p>\n<p style=\"text-align: center;\"><strong>Bibb Salad<br \/>\n<\/strong>Grated Comt\u00e9 cheese, crispy shallots, lemon vinaigrette<strong> 15<\/strong><\/p>\n<p style=\"text-align: center;\"><strong>Mediterranean Salad<\/strong><br \/>\nTomatoes, micro greens, red bell peppers, red onion, baby artichokes, feta cheese, kalamata olives, lemon vinaigrette <strong>22<\/strong><\/p>\n<p style=\"text-align: center;\"><strong>Falafel<br \/>\n<\/strong>\u00a0 Chickpeas, mixed greens, cucumber, radish, red onion, cumin vinaigrette, tahini <strong>21<\/strong><\/p>\n<p style=\"text-align: center;\"><strong>Crispy Goat Cheese Salad<br \/>\n<\/strong>Local organic greens, apples, candied pistachios, and basil vinaigrette<strong> 18<\/strong><\/p>\n<p style=\"text-align: center;\"><strong>\u2217 add:\u00a0 chicken 10.00 \/ shrimp 17 \/ prime steak 18<\/strong><\/p>\n<p>&nbsp;<\/p>\n<p style=\"text-align: center;\"><strong>SANDWICHES<\/strong><\/p>\n<p style=\"text-align: center;\"><strong>Croque Monsieur<br \/>\n<\/strong>Black Forest ham, Gruyere, country bread, b\u00e9chamel, arugula, on country bread <strong>15<\/strong><\/p>\n<p style=\"text-align: center;\"><strong>Croque Madame<\/strong><br \/>\nBlack forest ham, Gruy\u00e8re, bechamel, fried eggs, arugula on country bread <strong>17<\/strong><\/p>\n<p style=\"text-align: center;\"><strong>Club Sandwich<br \/>\n<\/strong>Grilled chicken thigh, smoked bacon, tomato, lettuce, remoulade mayonnaise on sourdough bread\u00a0 <strong>23<\/strong><\/p>\n<p style=\"text-align: center;\"><strong>Fish Sandwich<br \/>\n<\/strong>Fried cod, jalape\u00f1o aioli, pickled onions, on brioche bun <strong>25<\/strong><\/p>\n<p>&nbsp;<\/p>\n<p style=\"text-align: center;\"><strong>ENTR\u00c9ES<\/strong><\/p>\n<p style=\"text-align: center;\"><strong>Quiche Lorraine<\/strong><br \/>\nBacon, onion, Gruy\u00e8re, eggs &amp; cream, served with green salad <strong>18<\/strong><\/p>\n<p style=\"text-align: center;\"><strong>Mushroom Risotto<\/strong><br \/>\nMixed organic mushrooms, Parmigiano, and parsley emulsion <strong>28<\/strong><\/p>\n<p style=\"text-align: center;\"><strong>Steak Aux Poivre<\/strong><br \/>\n8oz hanger steak, cognac peppercorn sauce, watercress, pommes frites <strong>35<\/strong><\/p>\n<p style=\"text-align: center;\"><strong>PDA Burger<\/strong><br \/>\nDried aged beef, Comt\u00e9 cheese, caramelized onion, whole grain mustard mayonnaise on brioche bun <strong>32<\/strong><\/p>\n<p style=\"text-align: center;\"><strong>Lobster SpanishTortilla<\/strong><br \/>\nLocal lobster, potato, organic eggs, tomato sauce, olives, sourdough bread <strong>25<\/strong><\/p>\n<p style=\"text-align: center;\"><strong>Spaghetti with Clams<\/strong><br \/>\nLocal clams, garlic, chili, parsley, olive oil, white wine <strong>28<\/strong><\/p>\n<p>&nbsp;<\/p>\n<p style=\"text-align: center;\"><strong>ACCOMPAGNEMENTS<\/strong><\/p>\n<p style=\"text-align: center;\">Pommes Frites<br \/>\nSaut\u00e9ed Spinach<br \/>\nParmigiano Risotto<br \/>\nHaricot Verts<br \/>\nPommes Pur\u00e9e<\/p>\n<p>&nbsp;<\/p>\n<p style=\"text-align: left;\"><\/p><\/div><\/div><\/p>\n<p style=\"text-align: left;\"><div><h3>BRUNCH<span><\/span><\/h3><div>\n<p style=\"text-align: center;\"><strong>LES OEUFS<\/strong><\/p>\n<p style=\"text-align: center;\"><strong>Eggs Benedict<\/strong><br \/>\nPoached farm eggs, prosciutto, Hollandaise &amp; homefries <strong>18.00<\/strong><\/p>\n<p style=\"text-align: center;\"><strong>Eggs Norwegian<\/strong><br \/>\nPoached farm eggs, smoked salmon, Hollandaise &amp; homefries <strong>18.00<\/strong><\/p>\n<p style=\"text-align: center;\"><strong>Petites Oeufs Classique<\/strong><br \/>\nTwo eggs any style, choice of house-smoked bacon or spicy chorizo, home fries &amp; toasted Brioche <strong>16.00<\/strong><\/p>\n<p style=\"text-align: center;\"><strong>Galette Compl\u00e8te<\/strong><br \/>\nSavory cr\u00eapes, spinach, scrambled farm eggs, Parmesan cheese, crispy prosciutto, served in a cast iron skillet <strong>16<\/strong><\/p>\n<p style=\"text-align: center;\"><strong>Oeufs Poch\u00e9s<\/strong><br \/>\nPoached farm eggs over seared crispy polenta cake, housemade spicy chorizo with tomato compote &amp; Hollandaise sauce <strong>17<\/strong><\/p>\n<p style=\"text-align: center;\"><strong>Croque Monsieur<\/strong><br \/>\nBlack forest ham, Gruy\u00e8re, country bread, open faced topped with arugula\u00a0<strong>15<\/strong><\/p>\n<p style=\"text-align: center;\"><strong>Croque Madame<\/strong><br \/>\nBlack forest ham,\u00a0Gruy\u00e8re, country bread, open faced topped with two eggs over easy and arugula\u00a0<strong>19<\/strong><\/p>\n<p style=\"text-align: center;\"><strong>Corned Beef Hash<\/strong><br \/>\nTwo eggs any style, Red Bliss potatoes, green peppers, onions, mustard, with mixed greens salad, lemon vinaigrette <strong>22<\/strong><\/p>\n<p style=\"text-align: center;\"><strong>Quiche Lorraine<\/strong><br \/>\nBacon, onions, Gruy\u00e8re, eggs &amp; cream served with green salad <strong>18<\/strong><\/p>\n<p style=\"text-align: center;\"><strong>Steak &amp; Eggs<\/strong><br \/>\nTwo poached eggs, sliced sirloin &amp; home fries in a cast iron skillet <strong>24<\/strong><\/p>\n<p style=\"text-align: center;\"><strong>Shakshuka<\/strong><br \/>\nTwo baked eggs, saut\u00e9ed tomato, red peppers and onions, topped with spiced yogurt and hazelnuts with toasted brioche <strong>17<\/strong><\/p>\n<p style=\"text-align: center;\"><strong>Duck Confit Hash<\/strong><br \/>\nTwo poached eggs, duck confit, sweet &amp; Idaho potatoes, onions, apple &amp; chive, side salad &amp; toasted Brioche <strong>22<\/strong><\/p>\n<p style=\"text-align: center;\"><strong>Omlet of Your Choice<\/strong><br \/>\nChoose 3 ingredients, served with a fresh green salad &amp; toasted Pain de Mie <strong>16.00<\/strong><\/p>\n<p style=\"text-align: center;\">* Please inform your server of your dietary restrictions &amp; ask about our vegetarian options and\/or substitutions<\/p>\n<p>&nbsp;<\/p>\n<p style=\"text-align: center;\"><strong>HORS D&#8217;OEUVRES<\/strong><\/p>\n<p style=\"text-align: center;\"><strong>Wellfleet Oysters<\/strong><br \/>\nHalf-dozen, mignonette sauce, fresh lemon <strong>21<\/strong><\/p>\n<p style=\"text-align: center;\"><strong>Baked Oysters<\/strong><br \/>\nLeeks, house-smoked bacon, Pernod &amp; Parmesan <strong>15<\/strong><\/p>\n<p style=\"text-align: center;\"><strong>French Onion Soup\u00a0 14<\/strong><\/p>\n<p style=\"text-align: center;\"><strong>Beef Tartare<\/strong><br \/>\ndry aged sirloin, shallots, chives, Dijon mustard organic egg yolk with grilled country sourdough &amp; house made spicy aioli <strong>21<\/strong><\/p>\n<p style=\"text-align: center;\">* Please inform your server of your dietary restrictions &amp; ask about our vegetarian options and\/or substitutions<\/p>\n<p>&nbsp;<\/p>\n<p style=\"text-align: center;\"><strong>ENTR\u00c9ES<\/strong><\/p>\n<p style=\"text-align: center;\"><strong>Pain D&#8217;Avignon Burger<\/strong><br \/>\nShort-rib brisket blend, maple-smoked Vermont cheddar &amp; saut\u00e9ed mushrooms on a Brioche bun &amp;\u00a0 pommes frites <strong>23<\/strong><\/p>\n<p style=\"text-align: center;\"><strong>\u00a0\u00c0 Cheval Pain D&#8217;Avignon Burger<\/strong><br \/>\nPain D&#8217;Avignon Burger served with egg <strong>25<\/strong><\/p>\n<p style=\"text-align: center;\"><strong>Fried Eggplant<\/strong><br \/>\nPoached eggs, breaded eggplant, watercress salad &amp; lemon aioli <strong>15.50<\/strong><\/p>\n<p style=\"text-align: center;\"><strong>Crispy Goat Cheese<\/strong><br \/>\nLocal organic greens, apple, candied pistachio and basil vinaigrette <strong>16<\/strong><\/p>\n<p style=\"text-align: center;\"><strong>Pain D&#8217;Avignon Salad<\/strong><br \/>\nFris\u00e9e, fennel, Belgium endive, herb vinaigrette, ricotta salata\u00a0<strong>19<\/strong><\/p>\n<p style=\"text-align: center;\"><strong>Fried Chicken and Waffles<\/strong><br \/>\nSavory waffle, Pimento cheese and local maple syrup <strong>24<\/strong><\/p>\n<p>&nbsp;<\/p>\n<p style=\"text-align: center;\">* Please inform your server of your dietary restrictions &amp; ask about our vegetarian options and\/or substitutions<\/p>\n<p>&nbsp;<\/p>\n<p style=\"text-align: center;\"><strong>ACCOMPAGNEMENTS<\/strong><\/p>\n<p style=\"text-align: center;\">Fresh Fruit Salad<br \/>\nHouse-smoked bacon<br \/>\nPommes Frites<br \/>\nCrispy Prosciutto<br \/>\nSaut\u00e9ed Spinach<br \/>\nAsparagus<\/p>\n<p>&nbsp;<\/p>\n<p style=\"text-align: center;\"><strong>DESSERTS<\/strong><\/p>\n<p style=\"text-align: center;\"><strong>Cr\u00eape Suzette<\/strong><br \/>\nCaramelized sugar &amp; orange zest, Grand Marnier <strong>12<\/strong><\/p>\n<p style=\"text-align: center;\"><strong>Cr\u00eape D&#8217;Avignon<\/strong><br \/>\nStrawberries, caramelized sugar &amp; orange zest <strong>12<\/strong><\/p>\n<p>&nbsp;<\/p>\n<p style=\"text-align: left;\"><\/p><\/div><\/div><\/p>\n<p style=\"text-align: left;\"><div><h3>DINNER<span><\/span><\/h3><div>\n<p style=\"text-align: center;\"><strong>APPETIZERS CLASSIQUE<\/strong><\/p>\n<p style=\"text-align: center;\"><b><strong>French Onion Soup<\/strong><\/b><br \/>\n<strong>14<\/strong><b><\/b><\/p>\n<p style=\"text-align: center;\"><strong>Wellfleet Oysters<\/strong><br \/>\nHalf dozen, mignonette sauce, fresh lemon <strong>22<\/strong><\/p>\n<p style=\"text-align: center;\"><strong>Baked Oysters<\/strong><br \/>\nLeeks, house-smoked bacon, Pernod, Parmesan <strong>25<\/strong><\/p>\n<p style=\"text-align: center;\"><strong>Steak Tartare<\/strong><br \/>\nPrime tenderloin, capers, shallots, organic egg yolk, Tamari <strong>25<\/strong><\/p>\n<p style=\"text-align: center;\"><strong>Pan-Seared Duck Breast<\/strong><br \/>\nGreen apple &amp; Brussel sprouts slaw <strong>21<\/strong><\/p>\n<p style=\"text-align: center;\"><strong>Crispy Goat Cheese Salad<\/strong><br \/>\nLocal organic greens, apples, candied pistachios, and basil vinaigrette<strong> 22<\/strong><\/p>\n<p style=\"text-align: center;\"><strong>Shrimp Proven\u00e7al<\/strong><br \/>\nShrimp, garlic, tomato, Pernod, herbs <strong>32<\/strong><\/p>\n<p style=\"text-align: center;\"><strong>Bibb Salad<br \/>\n<\/strong>Grated Comt\u00e9 cheese, crispy shallots, lemon vinaigrette<strong> 15<\/strong><\/p>\n<div style=\"text-align: center;\"><\/div>\n<p>&nbsp;<\/p>\n<p style=\"text-align: center;\"><strong>APPETIZERS NOUVELLE<\/strong><\/p>\n<p style=\"text-align: center;\"><strong>FOIE GRAS TORCHON<\/strong><br \/>\nWhole grain mustard, pickled vegetables, toasted breads\u00a0 <strong>20<\/strong><\/p>\n<p style=\"text-align: center;\"><strong>Fish Crudo<\/strong><br \/>\nShallots, Tamari, truffle oil, chili, ginger mayonnaise <strong>28<\/strong><\/p>\n<div style=\"text-align: center;\"><strong>Mediterranean Salad<\/strong><br \/>\nTomatoes, micro greens, red bell peppers, red onion, baby artichokes, feta cheese, kalamata olives, lemon vinaigrette <strong>22<\/strong><\/div>\n<p style=\"text-align: center;\"><strong>Lobster SpanishTortilla<\/strong><br \/>\nLocal lobster, potato, organic eggs, tomato sauce, olives, sourdough bread <strong>25<\/strong><\/p>\n<p>&nbsp;<\/p>\n<p style=\"text-align: center;\"><strong>ENTREES CLASSIQUE<\/strong><\/p>\n<p style=\"text-align: center;\"><strong>Steak Aux Poivre<\/strong><br \/>\n10oz prime sirloin, cognac peppercorn sauce, pommes frites <strong>60<\/strong><\/p>\n<p style=\"text-align: center;\"><strong>PDA Burger<br \/>\n<\/strong>Dried aged beef, Comt\u00e9 cheese, caramelized onion, whole grain mustard mayonnaise on brioche bun<strong>\u00a032<\/strong><\/p>\n<p style=\"text-align: center;\"><strong>Roast Chicken<\/strong><br \/>\nFricassee sauce, red chard, fennel, orange vinaigrette <strong>30<\/strong><\/p>\n<p style=\"text-align: center;\"><strong>Confit Cod<\/strong><br \/>\nSlow-cooked cod loin, cannellini bean puree, Ajada oil <strong>35<\/strong><\/p>\n<p style=\"text-align: center;\"><strong>Mushroom Risotto<\/strong><br \/>\nMixed organic mushrooms, Parmigiano, and parsley emulsion <strong>28<\/strong><\/p>\n<p>&nbsp;<\/p>\n<p style=\"text-align: center;\"><strong>ENTREES NOUVELLE<\/strong><\/p>\n<p style=\"text-align: center;\"><strong>Seafood Gnocchi<br \/>\n<\/strong>Potato gnocchi, clams, mussels, prawns, tomato, garlic, lemon zest<strong>\u00a032<\/strong><\/p>\n<p style=\"text-align: center;\"><strong>Grazed Pork Belly Normandy<\/strong><br \/>\nCider mustard sauce, pickled eggplant <strong>32<\/strong><\/p>\n<p style=\"text-align: center;\"><strong>Lamb Rump<\/strong><br \/>\nCeleriac pur\u00e9e, haricots verts, chili, lamb jus <strong>35<\/strong><\/p>\n<p style=\"text-align: center;\"><strong>Slow cooked Beef Cheek Bourguignon<\/strong><br \/>\nPancetta, onions, served over mashed potatoes\u00a0 <strong>38<\/strong><\/p>\n<p style=\"text-align: center;\"><strong>Sole Pilpil<\/strong><br \/>\nSole steak, olive oil emulsion, garlic, smoked paprika, potato and tomato gratin <strong>40<\/strong><\/p>\n<p>&nbsp;<\/p>\n<p style=\"text-align: center;\"><strong>ACCOMPANIMENTS<\/strong><\/p>\n<div style=\"text-align: center;\">Pommes Frites<br \/>\nSaut\u00e9ed Spinach<br \/>\nParmigiano Risotto<\/div>\n<div style=\"text-align: center;\">Haricot Vert<\/div>\n<div style=\"text-align: center;\">Pommes Pur\u00e9e<\/div>\n<div><\/div>\n<div>\n<p>&nbsp;<\/p>\n<p style=\"text-align: center;\"><strong>LES DESSERTS<\/strong><\/p>\n<p style=\"text-align: center;\"><strong>Cr\u00e8me Br\u00fbl\u00e9e<\/strong><br \/>\nTahitian vanilla bean custard, caramelized cane sugar <strong>$14<\/strong><\/p>\n<p style=\"text-align: center;\"><strong>Burnt Basque Cheesecake<\/strong><br \/>\nCream cheese, gruyere cheese, cream, dark chocolate sauce <strong>$12<\/strong><\/p>\n<p style=\"text-align: center;\"><strong>Crepe Suzette<\/strong><br \/>\nCaramelized sugar, orange zest, Grand Marnier <strong>$15<\/strong><\/p>\n<p style=\"text-align: center;\"><strong>Affogato<\/strong><br \/>\nVanilla gelato, espresso, biscotti <strong>$12<\/strong><\/p>\n<p style=\"text-align: center;\"><strong>Tiramisu<\/strong><br \/>\nLadyfingers soaked in espresso layered with a rich blend of mascarpone and fresh whipped cream dusted with cocoa <strong>$12<\/strong><\/p>\n<p style=\"text-align: center;\"><strong>Dessert du Jour<\/strong><br \/>\nChef&#8217;s seasonal inspiration <strong>$14<\/strong><\/p>\n<\/div>\n<p>&nbsp;<\/p>\n<\/div><\/div><\/p>\n<\/div><\/div>\n","protected":false},"excerpt":{"rendered":"","protected":false},"author":2,"featured_media":1178,"parent":14,"menu_order":1,"comment_status":"open","ping_status":"closed","template":"","meta":{"footnotes":""},"_links":{"self":[{"href":"https:\/\/www.paindavignon.com\/restaurant\/wp-json\/wp\/v2\/pages\/20"}],"collection":[{"href":"https:\/\/www.paindavignon.com\/restaurant\/wp-json\/wp\/v2\/pages"}],"about":[{"href":"https:\/\/www.paindavignon.com\/restaurant\/wp-json\/wp\/v2\/types\/page"}],"author":[{"embeddable":true,"href":"https:\/\/www.paindavignon.com\/restaurant\/wp-json\/wp\/v2\/users\/2"}],"replies":[{"embeddable":true,"href":"https:\/\/www.paindavignon.com\/restaurant\/wp-json\/wp\/v2\/comments?post=20"}],"version-history":[{"count":74,"href":"https:\/\/www.paindavignon.com\/restaurant\/wp-json\/wp\/v2\/pages\/20\/revisions"}],"predecessor-version":[{"id":1481,"href":"https:\/\/www.paindavignon.com\/restaurant\/wp-json\/wp\/v2\/pages\/20\/revisions\/1481"}],"up":[{"embeddable":true,"href":"https:\/\/www.paindavignon.com\/restaurant\/wp-json\/wp\/v2\/pages\/14"}],"wp:featuredmedia":[{"embeddable":true,"href":"https:\/\/www.paindavignon.com\/restaurant\/wp-json\/wp\/v2\/media\/1178"}],"wp:attachment":[{"href":"https:\/\/www.paindavignon.com\/restaurant\/wp-json\/wp\/v2\/media?parent=20"}],"curies":[{"name":"wp","href":"https:\/\/api.w.org\/{rel}","templated":true}]}}